{"id":345,"date":"2019-03-26T16:51:17","date_gmt":"2019-03-26T16:51:17","guid":{"rendered":"https:\/\/www.yourcash.com\/about-us\/"},"modified":"2024-04-30T10:09:25","modified_gmt":"2024-04-30T10:09:25","slug":"over-ons","status":"publish","type":"page","link":"https:\/\/www.yourcash.com\/nl\/over-ons\/","title":{"rendered":"Over Ons"},"content":{"rendered":"\n<h1 class=\"wp-block-heading blue_heading\">Over Ons<\/h1>\n\n\n\n<p>YourCash is een\u00a0merk van <a href=\"http:\/\/www.euronetatms.com\">Euronet Group (NASDAQ:EEFT<\/a><a href=\"http:\/\/www.euronetatms.com\" target=\"_blank\" rel=\"noreferrer noopener\">)<\/a>, een toonaangevende leverancier van financi\u00eble technologieoplossingen en betalingen. Met 30 jaar ervaring verplaatst Euronet geld op alle manieren waar wereldwijd behoefte aan is. Door middel van diverse bedrijfssegmenten en een portfolio van merken op het gebied van betalingstechnologie zijn we in staat om aan de specifieke behoeften van consumenten en bedrijven te voldoen. Hierdoor kunnen economie\u00ebn profiteren van de vooruitgang in betalingstechnologie\u00ebn en tegelijkertijd de financi\u00eble participatie voor iedereen vergroten. De geldautomaten van het merk YourCash hebben talrijke operationele eenheden in het Verenigd Koninkrijk en Nederland. Onze geldautomaten zijn ontworpen om winkeliers te helpen hun bankkosten te verlagen en hun bedrijfswinst te verhogen, door het al aanwezige geld eenvoudig te recycelen.<\/p>\n","protected":false},"excerpt":{"rendered":"<p>Over Ons YourCash is een\u00a0merk van Euronet Group (NASDAQ:EEFT), een toonaangevende leverancier van financi\u00eble technologieoplossingen en betalingen. Met 30 jaar ervaring verplaatst Euronet geld op alle manieren waar wereldwijd behoefte aan is. Door middel van diverse bedrijfssegmenten en een portfolio van merken op het gebied van betalingstechnologie zijn we in staat om aan de specifieke [&hellip;]<\/p>\n","protected":false},"author":1,"featured_media":0,"parent":0,"menu_order":0,"comment_status":"closed","ping_status":"closed","template":"","meta":{"footnotes":""},"class_list":["post-345","page","type-page","status-publish","hentry"],"acf":[],"yoast_head":"<!-- This site is optimized with the Yoast SEO plugin v26.8 - https:\/\/yoast.com\/product\/yoast-seo-wordpress\/ -->\n<title>YourCash: high quality ATM Solutions for our ATM Company customers<\/title>\n<meta name=\"description\" content=\"YourCash ATM Company values trust, loyalty &amp; respect. YourCash provide high quality ATM Solutions &amp; exceptional customer service for our ATM Company customers using our skills, experience &amp; knowledge.\" \/>\n<meta name=\"robots\" content=\"index, follow, max-snippet:-1, max-image-preview:large, max-video-preview:-1\" \/>\n<link rel=\"canonical\" href=\"https:\/\/www.yourcash.com\/nl\/over-ons\/\" \/>\n<meta property=\"og:locale\" content=\"nl_NL\" \/>\n<meta property=\"og:type\" content=\"article\" \/>\n<meta property=\"og:title\" content=\"YourCash: high quality ATM Solutions for our ATM Company customers\" \/>\n<meta property=\"og:description\" content=\"YourCash ATM Company values trust, loyalty &amp; respect. YourCash provide high quality ATM Solutions &amp; exceptional customer service for our ATM Company customers using our skills, experience &amp; knowledge.\" \/>\n<meta property=\"og:url\" content=\"https:\/\/www.yourcash.com\/nl\/over-ons\/\" \/>\n<meta property=\"og:site_name\" content=\"YourCash\" \/>\n<meta property=\"article:modified_time\" content=\"2024-04-30T10:09:25+00:00\" \/>\n<meta name=\"twitter:card\" content=\"summary_large_image\" \/>\n<meta name=\"twitter:label1\" content=\"Geschatte leestijd\" \/>\n\t<meta name=\"twitter:data1\" content=\"1 minuut\" \/>\n<!-- \/ Yoast SEO plugin. -->","yoast_head_json":{"title":"YourCash: high quality ATM Solutions for our ATM Company customers","description":"YourCash ATM Company values trust, loyalty & respect. YourCash provide high quality ATM Solutions & exceptional customer service for our ATM Company customers using our skills, experience & knowledge.","robots":{"index":"index","follow":"follow","max-snippet":"max-snippet:-1","max-image-preview":"max-image-preview:large","max-video-preview":"max-video-preview:-1"},"canonical":"https:\/\/www.yourcash.com\/nl\/over-ons\/","og_locale":"nl_NL","og_type":"article","og_title":"YourCash: high quality ATM Solutions for our ATM Company customers","og_description":"YourCash ATM Company values trust, loyalty & respect. YourCash provide high quality ATM Solutions & exceptional customer service for our ATM Company customers using our skills, experience & knowledge.","og_url":"https:\/\/www.yourcash.com\/nl\/over-ons\/","og_site_name":"YourCash","article_modified_time":"2024-04-30T10:09:25+00:00","twitter_card":"summary_large_image","twitter_misc":{"Geschatte leestijd":"1 minuut"},"schema":{"@context":"https:\/\/schema.org","@graph":[{"@type":"WebPage","@id":"https:\/\/www.yourcash.com\/nl\/over-ons\/","url":"https:\/\/www.yourcash.com\/nl\/over-ons\/","name":"YourCash: high quality ATM Solutions for our ATM Company customers","isPartOf":{"@id":"https:\/\/www.yourcash.com\/#website"},"datePublished":"2019-03-26T16:51:17+00:00","dateModified":"2024-04-30T10:09:25+00:00","description":"YourCash ATM Company values trust, loyalty & respect. YourCash provide high quality ATM Solutions & exceptional customer service for our ATM Company customers using our skills, experience & knowledge.","breadcrumb":{"@id":"https:\/\/www.yourcash.com\/nl\/over-ons\/#breadcrumb"},"inLanguage":"nl-NL","potentialAction":[{"@type":"ReadAction","target":["https:\/\/www.yourcash.com\/nl\/over-ons\/"]}]},{"@type":"BreadcrumbList","@id":"https:\/\/www.yourcash.com\/nl\/over-ons\/#breadcrumb","itemListElement":[{"@type":"ListItem","position":1,"name":"Home","item":"https:\/\/www.yourcash.com\/nl\/"},{"@type":"ListItem","position":2,"name":"Over Ons"}]},{"@type":"WebSite","@id":"https:\/\/www.yourcash.com\/#website","url":"https:\/\/www.yourcash.com\/","name":"YourCash","description":"","potentialAction":[{"@type":"SearchAction","target":{"@type":"EntryPoint","urlTemplate":"https:\/\/www.yourcash.com\/?s={search_term_string}"},"query-input":{"@type":"PropertyValueSpecification","valueRequired":true,"valueName":"search_term_string"}}],"inLanguage":"nl-NL"}]}},"amp_enabled":true,"_links":{"self":[{"href":"https:\/\/www.yourcash.com\/nl\/wp-json\/wp\/v2\/pages\/345","targetHints":{"allow":["GET"]}}],"collection":[{"href":"https:\/\/www.yourcash.com\/nl\/wp-json\/wp\/v2\/pages"}],"about":[{"href":"https:\/\/www.yourcash.com\/nl\/wp-json\/wp\/v2\/types\/page"}],"author":[{"embeddable":true,"href":"https:\/\/www.yourcash.com\/nl\/wp-json\/wp\/v2\/users\/1"}],"replies":[{"embeddable":true,"href":"https:\/\/www.yourcash.com\/nl\/wp-json\/wp\/v2\/comments?post=345"}],"version-history":[{"count":12,"href":"https:\/\/www.yourcash.com\/nl\/wp-json\/wp\/v2\/pages\/345\/revisions"}],"predecessor-version":[{"id":1632810,"href":"https:\/\/www.yourcash.com\/nl\/wp-json\/wp\/v2\/pages\/345\/revisions\/1632810"}],"wp:attachment":[{"href":"https:\/\/www.yourcash.com\/nl\/wp-json\/wp\/v2\/media?parent=345"}],"curies":[{"name":"wp","href":"https:\/\/api.w.org\/{rel}","templated":true}]}}